{"id":403,"date":"2022-08-02T11:37:06","date_gmt":"2022-08-02T09:37:06","guid":{"rendered":"http:\/\/www.artimetria.com\/?page_id=403"},"modified":"2022-08-10T13:33:40","modified_gmt":"2022-08-10T11:33:40","slug":"avis-legal","status":"publish","type":"page","link":"https:\/\/www.artimetria.com\/index.php\/avis-legal\/","title":{"rendered":"Avis legal"},"content":{"rendered":"\t\t<div data-elementor-type=\"wp-page\" data-elementor-id=\"403\" class=\"elementor elementor-403\">\n\t\t\t\t\t\t\t\t\t<section class=\"elementor-section elementor-top-section elementor-element elementor-element-3f830b7 elementor-section-boxed elementor-section-height-default elementor-section-height-default\" data-id=\"3f830b7\" data-element_type=\"section\">\n\t\t\t\t\t\t<div class=\"elementor-container elementor-column-gap-default\">\n\t\t\t\t\t<div class=\"elementor-column elementor-col-100 elementor-top-column elementor-element elementor-element-00e1865\" data-id=\"00e1865\" data-element_type=\"column\">\n\t\t\t<div class=\"elementor-widget-wrap elementor-element-populated\">\n\t\t\t\t\t\t\t\t<div class=\"elementor-element elementor-element-4f89416 elementor-widget elementor-widget-button\" data-id=\"4f89416\" data-element_type=\"widget\" data-widget_type=\"button.default\">\n\t\t\t\t<div class=\"elementor-widget-container\">\n\t\t\t\t\t<div class=\"elementor-button-wrapper\">\n\t\t\t<a href=\"https:\/\/www.artimetria.com\/\" class=\"elementor-button-link elementor-button elementor-size-sm elementor-animation-grow\" role=\"button\">\n\t\t\t\t\t\t<span class=\"elementor-button-content-wrapper\">\n\t\t\t\t\t\t\t<span class=\"elementor-button-icon elementor-align-icon-left\">\n\t\t\t\t<i aria-hidden=\"true\" class=\"fas fa-arrow-left\"><\/i>\t\t\t<\/span>\n\t\t\t\t\t\t<span class=\"elementor-button-text\">Tornar al web<\/span>\n\t\t<\/span>\n\t\t\t\t\t<\/a>\n\t\t<\/div>\n\t\t\t\t<\/div>\n\t\t\t\t<\/div>\n\t\t\t\t\t<\/div>\n\t\t<\/div>\n\t\t\t\t\t\t\t<\/div>\n\t\t<\/section>\n\t\t\t\t<section class=\"elementor-section elementor-top-section elementor-element elementor-element-25762a9 elementor-section-boxed elementor-section-height-default elementor-section-height-default\" data-id=\"25762a9\" data-element_type=\"section\">\n\t\t\t\t\t\t<div class=\"elementor-container elementor-column-gap-default\">\n\t\t\t\t\t<div class=\"elementor-column elementor-col-100 elementor-top-column elementor-element elementor-element-f57aca4\" data-id=\"f57aca4\" data-element_type=\"column\">\n\t\t\t<div class=\"elementor-widget-wrap elementor-element-populated\">\n\t\t\t\t\t\t\t\t<div class=\"elementor-element elementor-element-ebc43b3 elementor-widget elementor-widget-heading\" data-id=\"ebc43b3\" data-element_type=\"widget\" data-widget_type=\"heading.default\">\n\t\t\t\t<div class=\"elementor-widget-container\">\n\t\t\t<style>\/*! elementor - v3.10.0 - 09-01-2023 *\/\n.elementor-heading-title{padding:0;margin:0;line-height:1}.elementor-widget-heading .elementor-heading-title[class*=elementor-size-]>a{color:inherit;font-size:inherit;line-height:inherit}.elementor-widget-heading .elementor-heading-title.elementor-size-small{font-size:15px}.elementor-widget-heading .elementor-heading-title.elementor-size-medium{font-size:19px}.elementor-widget-heading .elementor-heading-title.elementor-size-large{font-size:29px}.elementor-widget-heading .elementor-heading-title.elementor-size-xl{font-size:39px}.elementor-widget-heading .elementor-heading-title.elementor-size-xxl{font-size:59px}<\/style><h2 class=\"elementor-heading-title elementor-size-default\">AV\u00cdS LEGAL<\/h2>\t\t<\/div>\n\t\t\t\t<\/div>\n\t\t\t\t<div class=\"elementor-element elementor-element-204327e elementor-widget elementor-widget-heading\" data-id=\"204327e\" data-element_type=\"widget\" data-widget_type=\"heading.default\">\n\t\t\t\t<div class=\"elementor-widget-container\">\n\t\t\t<h2 class=\"elementor-heading-title elementor-size-default\">CONDICIONS D\u2019\u00daS<\/h2>\t\t<\/div>\n\t\t\t\t<\/div>\n\t\t\t\t<div class=\"elementor-element elementor-element-27b4ba4 elementor-widget elementor-widget-text-editor\" data-id=\"27b4ba4\" data-element_type=\"widget\" data-widget_type=\"text-editor.default\">\n\t\t\t\t<div class=\"elementor-widget-container\">\n\t\t\t<style>\/*! elementor - v3.10.0 - 09-01-2023 *\/\n.elementor-widget-text-editor.elementor-drop-cap-view-stacked .elementor-drop-cap{background-color:#818a91;color:#fff}.elementor-widget-text-editor.elementor-drop-cap-view-framed .elementor-drop-cap{color:#818a91;border:3px solid;background-color:transparent}.elementor-widget-text-editor:not(.elementor-drop-cap-view-default) .elementor-drop-cap{margin-top:8px}.elementor-widget-text-editor:not(.elementor-drop-cap-view-default) .elementor-drop-cap-letter{width:1em;height:1em}.elementor-widget-text-editor .elementor-drop-cap{float:left;text-align:center;line-height:1;font-size:50px}.elementor-widget-text-editor .elementor-drop-cap-letter{display:inline-block}<\/style>\t\t\t\t<p>En compliment de la Llei 34\/2002, d&#8217;11 de juliol, de serveis de la societat de la informaci\u00f3 i de comer\u00e7 electr\u00f2nic, l\u2019informem que ARTimetria S.L. \u00e9s titular del lloc web https:\/\/www.artimetria.com amb domicili a C\/Teodora Lamadrid, 30, 2n 2a, 08022 de Barcelona, identificaci\u00f3 fiscal B-61706826, inscrita al Registre Mercantil de Barcelona, a Tom 30.842, Foli 209, Fulla B-183.613, Inscripci\u00f3 1\u00aa. Pot contactar amb nosaltres <span class=\"hiddenGrammarError\">per<\/span> tel\u00e8fon al (34) 933176130 o a l&#8217;adre\u00e7a de correu electr\u00f2nic artimetria@artimetria.com.<\/p>\t\t\t\t\t\t<\/div>\n\t\t\t\t<\/div>\n\t\t\t\t<div class=\"elementor-element elementor-element-95d2c78 elementor-widget elementor-widget-heading\" data-id=\"95d2c78\" data-element_type=\"widget\" data-widget_type=\"heading.default\">\n\t\t\t\t<div class=\"elementor-widget-container\">\n\t\t\t<h2 class=\"elementor-heading-title elementor-size-default\">LIMITACI\u00d3 DE LA RESPONSABILITAT<\/h2>\t\t<\/div>\n\t\t\t\t<\/div>\n\t\t\t\t<div class=\"elementor-element elementor-element-9da59d8 elementor-widget elementor-widget-text-editor\" data-id=\"9da59d8\" data-element_type=\"widget\" data-widget_type=\"text-editor.default\">\n\t\t\t\t<div class=\"elementor-widget-container\">\n\t\t\t\t\t\t\t<p>ARTimetria no es responsabilitza del mal \u00fas que es realitzi dels continguts de la seva p\u00e0gina web, sent exclusiva responsabilitat de la persona que accedeix a ells o que els utilitza.<\/p><p>ARTimetria declara haver adoptat totes les mesures necess\u00e0ries per evitar qualsevol dany que, als usuaris del seu lloc web, pogu\u00e9s derivar-se de la navegaci\u00f3 per la seva p\u00e0gina web. En conseq\u00fc\u00e8ncia, ARTimetria no es fa responsable, en cap cas, dels eventuals danys que per la navegaci\u00f3 a Internet pogu\u00e9s patir l\u2019usuari.<\/p>\t\t\t\t\t\t<\/div>\n\t\t\t\t<\/div>\n\t\t\t\t<div class=\"elementor-element elementor-element-4cfffb0 elementor-widget elementor-widget-heading\" data-id=\"4cfffb0\" data-element_type=\"widget\" data-widget_type=\"heading.default\">\n\t\t\t\t<div class=\"elementor-widget-container\">\n\t\t\t<h2 class=\"elementor-heading-title elementor-size-default\">POL\u00cdTICA D'ENLLA\u00c7OS<\/h2>\t\t<\/div>\n\t\t\t\t<\/div>\n\t\t\t\t<div class=\"elementor-element elementor-element-a355008 elementor-widget elementor-widget-text-editor\" data-id=\"a355008\" data-element_type=\"widget\" data-widget_type=\"text-editor.default\">\n\t\t\t\t<div class=\"elementor-widget-container\">\n\t\t\t\t\t\t\t<p>ARTimetria no es fa responsable del contingut ni de la informaci\u00f3 de les p\u00e0gines web de tercers a les que l\u2019usuari pugui accedir a trav\u00e9s dels enlla\u00e7os establerts en el nostre lloc web. Aix\u00ed mateix, tampoc garantir\u00e0 la disponibilitat t\u00e8cnica, exactitud, veracitat, validesa o legalitat de p\u00e0gines alienes a la seva propietat a les que es pugui accedir per mitj\u00e0 dels enlla\u00e7os.<\/p><p>ARTimetria no es fa responsable del contingut ni de la informaci\u00f3 de les p\u00e0gines web de tercers a les que l\u2019usuari pugui accedir a trav\u00e9s dels enlla\u00e7os establerts en el nostre lloc web. Aix\u00ed mateix, tampoc garantir\u00e0 la disponibilitat t\u00e8cnica, exactitud, veracitat, validesa o legalitat de p\u00e0gines alienes a la seva propietat a les que es pugui accedir per mitj\u00e0 dels enlla\u00e7os.<\/p>\t\t\t\t\t\t<\/div>\n\t\t\t\t<\/div>\n\t\t\t\t<div class=\"elementor-element elementor-element-ab70c7d elementor-widget elementor-widget-heading\" data-id=\"ab70c7d\" data-element_type=\"widget\" data-widget_type=\"heading.default\">\n\t\t\t\t<div class=\"elementor-widget-container\">\n\t\t\t<h2 class=\"elementor-heading-title elementor-size-default\">MODIFICACIONS<\/h2>\t\t<\/div>\n\t\t\t\t<\/div>\n\t\t\t\t<div class=\"elementor-element elementor-element-0fc5f77 elementor-widget elementor-widget-text-editor\" data-id=\"0fc5f77\" data-element_type=\"widget\" data-widget_type=\"text-editor.default\">\n\t\t\t\t<div class=\"elementor-widget-container\">\n\t\t\t\t\t\t\t<p>ARTimetria es reserva el dret de realitzar les modificacions que consideri oportunes, sense av\u00eds previ, del contingut del seu lloc web, tant pel que fa als continguts del web, com en les condicions d\u2019\u00fas de la mateixa.<\/p>\t\t\t\t\t\t<\/div>\n\t\t\t\t<\/div>\n\t\t\t\t<div class=\"elementor-element elementor-element-38439e8 elementor-widget elementor-widget-heading\" data-id=\"38439e8\" data-element_type=\"widget\" data-widget_type=\"heading.default\">\n\t\t\t\t<div class=\"elementor-widget-container\">\n\t\t\t<h2 class=\"elementor-heading-title elementor-size-default\">COMPROMISOS I OBLIGACIONS AMB ELS NOSTRES USUARIS<\/h2>\t\t<\/div>\n\t\t\t\t<\/div>\n\t\t\t\t<div class=\"elementor-element elementor-element-37964a7 elementor-widget elementor-widget-text-editor\" data-id=\"37964a7\" data-element_type=\"widget\" data-widget_type=\"text-editor.default\">\n\t\t\t\t<div class=\"elementor-widget-container\">\n\t\t\t\t\t\t\t<p>L\u2019 usuari queda informat i accepta, que l\u2019acc\u00e9s a www.artimetria.com no suposa, de cap manera, l\u2019inici d\u2019una relaci\u00f3 comercial amb ARTimetria\u00a0. D\u2019aquesta manera, l\u2019usuari es compromet a utilitzar el lloc web, els seus serveis i continguts sense contravenir la legislaci\u00f3 vigent, la bona fe i l\u2019ordre p\u00fablic. Queda prohibit l\u2019\u00fas del web amb finalitats il\u00b7l\u00edcites o lesius, o que, de qualsevol forma, puguin causar perjudici o impedir el normal funcionament del lloc web.<br \/>L\u2019acc\u00e9s i \/ o \u00fas de la p\u00e0gina web www.artimetria.com que s\u2019atribueix a qui ho realitza la condici\u00f3 d\u2019usuari, acceptant, des d\u2019aquest mateix moment, plenament i sense reserva alguna, el present Av\u00eds Legal en relaci\u00f3 amb determinats serveis i continguts.<\/p><p>En la utilitzaci\u00f3 del web d&#8217;ARTimetria, l\u2019usuari es compromet a no dur a terme cap conducta que pogu\u00e9s danyar la imatge, els interessos i els drets d&#8217;ARTimetria o de tercers o que pogu\u00e9s danyar, inutilitzar o sobrecarregar la web que imped\u00eds, de qualsevol forma, la normal utilitzaci\u00f3 del web www.artimetria.com.<\/p>\t\t\t\t\t\t<\/div>\n\t\t\t\t<\/div>\n\t\t\t\t<div class=\"elementor-element elementor-element-9934144 elementor-widget elementor-widget-heading\" data-id=\"9934144\" data-element_type=\"widget\" data-widget_type=\"heading.default\">\n\t\t\t\t<div class=\"elementor-widget-container\">\n\t\t\t<h2 class=\"elementor-heading-title elementor-size-default\">PROPIETAT INTEL\u00b7LECTUAL I DRETS D\u2019AUTOR<\/h2>\t\t<\/div>\n\t\t\t\t<\/div>\n\t\t\t\t<div class=\"elementor-element elementor-element-f588528 elementor-widget elementor-widget-text-editor\" data-id=\"f588528\" data-element_type=\"widget\" data-widget_type=\"text-editor.default\">\n\t\t\t\t<div class=\"elementor-widget-container\">\n\t\t\t\t\t\t\t<p>Aquesta web combina contingut propi amb imatges de lliure \u00fas i difusi\u00f3. Aquest tipus d\u2019imatges poden ser substitu\u00efdes a mesura que ARTimetria\u00a0generi m\u00e9s contingut propi amb la seva activitat.<\/p><p>Els continguts que s\u00f3n mostrats en aquesta web i en especial els dissenys, textos, imatges o fotografies de projectes, gr\u00e0fics, logos, icones, botons, noms comercials, marques o qualsevol altre signe susceptible d\u2019utilitzaci\u00f3 a nivell comercial o industrial, estan subjectes a la legislaci\u00f3 en mat\u00e8ria de propietat intel\u00b7lectual i industrial i s\u00f3n de propietat d&#8217;ARTimetria o d\u2019aquells tercers titulars que hagin autoritzat degudament la seva inclusi\u00f3 en aquesta web.<\/p><p>En cap s\u2019entendr\u00e0 concedida llic\u00e8ncia alguna o ren\u00fancia, transmissi\u00f3, cessi\u00f3 total o parcial d\u2019aquests drets ni concessi\u00f3 de dret ni expectativa de dret, i especialment, d\u2019alteraci\u00f3, explotaci\u00f3, reproducci\u00f3, distribuci\u00f3 o comunicaci\u00f3 p\u00fablica sobre aquests continguts sense la pr\u00e8via autoritzaci\u00f3 expressa d&#8217;ARTimetria. D\u2019altra banda, mitjan\u00e7ant les presents conclusions, l\u2019usuari s\u2019obliga a no reproduir de cap manera aquesta Web aix\u00ed com cap dels seus continguts, excepte autoritzaci\u00f3 expressa i per escrit d&#8217;ARTimetria. ARTimetria no pot controlar la informaci\u00f3, continguts, productes o serveis facilitats per altres llocs web que tinguin establerts enlla\u00e7os amb destinaci\u00f3 a aquesta web. Per aquest motiu, no ens fem responsables de qualsevol aspecte relatiu a aquests llocs webs.<\/p>\t\t\t\t\t\t<\/div>\n\t\t\t\t<\/div>\n\t\t\t\t\t<\/div>\n\t\t<\/div>\n\t\t\t\t\t\t\t<\/div>\n\t\t<\/section>\n\t\t\t\t\t\t\t<\/div>\n\t\t","protected":false},"excerpt":{"rendered":"<p>Tornar al web AV\u00cdS LEGAL CONDICIONS D\u2019\u00daS En compliment de la Llei 34\/2002, d&#8217;11 de juliol, de serveis de la societat de la informaci\u00f3 i de comer\u00e7 electr\u00f2nic, l\u2019informem que ARTimetria S.L. \u00e9s titular del lloc web https:\/\/www.artimetria.com amb domicili a C\/Teodora Lamadrid, 30, 2n 2a, 08022 de Barcelona, identificaci\u00f3 fiscal B-61706826, inscrita al Registre [&hellip;]<\/p>\n","protected":false},"author":2,"featured_media":0,"parent":0,"menu_order":0,"comment_status":"closed","ping_status":"closed","template":"elementor_header_footer","meta":{"inline_featured_image":false,"footnotes":""},"class_list":["post-403","page","type-page","status-publish","hentry"],"_links":{"self":[{"href":"https:\/\/www.artimetria.com\/index.php\/wp-json\/wp\/v2\/pages\/403","targetHints":{"allow":["GET"]}}],"collection":[{"href":"https:\/\/www.artimetria.com\/index.php\/wp-json\/wp\/v2\/pages"}],"about":[{"href":"https:\/\/www.artimetria.com\/index.php\/wp-json\/wp\/v2\/types\/page"}],"author":[{"embeddable":true,"href":"https:\/\/www.artimetria.com\/index.php\/wp-json\/wp\/v2\/users\/2"}],"replies":[{"embeddable":true,"href":"https:\/\/www.artimetria.com\/index.php\/wp-json\/wp\/v2\/comments?post=403"}],"version-history":[{"count":55,"href":"https:\/\/www.artimetria.com\/index.php\/wp-json\/wp\/v2\/pages\/403\/revisions"}],"predecessor-version":[{"id":1271,"href":"https:\/\/www.artimetria.com\/index.php\/wp-json\/wp\/v2\/pages\/403\/revisions\/1271"}],"wp:attachment":[{"href":"https:\/\/www.artimetria.com\/index.php\/wp-json\/wp\/v2\/media?parent=403"}],"curies":[{"name":"wp","href":"https:\/\/api.w.org\/{rel}","templated":true}]}}