{"id":434,"date":"2022-08-02T12:12:59","date_gmt":"2022-08-02T10:12:59","guid":{"rendered":"http:\/\/www.artimetria.com\/?page_id=434"},"modified":"2022-08-10T13:34:01","modified_gmt":"2022-08-10T11:34:01","slug":"politica-de-privadesa","status":"publish","type":"page","link":"https:\/\/www.artimetria.com\/index.php\/politica-de-privadesa\/","title":{"rendered":"Pol\u00edtica de privadesa"},"content":{"rendered":"\t\t<div data-elementor-type=\"wp-page\" data-elementor-id=\"434\" class=\"elementor elementor-434\">\n\t\t\t\t\t\t\t\t\t<section class=\"elementor-section elementor-top-section elementor-element elementor-element-553b1ef elementor-section-boxed elementor-section-height-default elementor-section-height-default\" data-id=\"553b1ef\" data-element_type=\"section\">\n\t\t\t\t\t\t<div class=\"elementor-container elementor-column-gap-default\">\n\t\t\t\t\t<div class=\"elementor-column elementor-col-100 elementor-top-column elementor-element elementor-element-9b3f110\" data-id=\"9b3f110\" data-element_type=\"column\">\n\t\t\t<div class=\"elementor-widget-wrap elementor-element-populated\">\n\t\t\t\t\t\t\t\t<div class=\"elementor-element elementor-element-59bb632 elementor-widget elementor-widget-button\" data-id=\"59bb632\" data-element_type=\"widget\" data-widget_type=\"button.default\">\n\t\t\t\t<div class=\"elementor-widget-container\">\n\t\t\t\t\t<div class=\"elementor-button-wrapper\">\n\t\t\t<a href=\"https:\/\/www.artimetria.com\/\" class=\"elementor-button-link elementor-button elementor-size-sm elementor-animation-grow\" role=\"button\">\n\t\t\t\t\t\t<span class=\"elementor-button-content-wrapper\">\n\t\t\t\t\t\t\t<span class=\"elementor-button-icon elementor-align-icon-left\">\n\t\t\t\t<i aria-hidden=\"true\" class=\"fas fa-arrow-left\"><\/i>\t\t\t<\/span>\n\t\t\t\t\t\t<span class=\"elementor-button-text\">Tornar al web<\/span>\n\t\t<\/span>\n\t\t\t\t\t<\/a>\n\t\t<\/div>\n\t\t\t\t<\/div>\n\t\t\t\t<\/div>\n\t\t\t\t\t<\/div>\n\t\t<\/div>\n\t\t\t\t\t\t\t<\/div>\n\t\t<\/section>\n\t\t\t\t<section class=\"elementor-section elementor-top-section elementor-element elementor-element-597a269 elementor-section-boxed elementor-section-height-default elementor-section-height-default\" data-id=\"597a269\" data-element_type=\"section\">\n\t\t\t\t\t\t<div class=\"elementor-container elementor-column-gap-default\">\n\t\t\t\t\t<div class=\"elementor-column elementor-col-100 elementor-top-column elementor-element elementor-element-c1ba214\" data-id=\"c1ba214\" data-element_type=\"column\">\n\t\t\t<div class=\"elementor-widget-wrap elementor-element-populated\">\n\t\t\t\t\t\t\t\t<div class=\"elementor-element elementor-element-3793fd5 elementor-widget elementor-widget-heading\" data-id=\"3793fd5\" data-element_type=\"widget\" data-widget_type=\"heading.default\">\n\t\t\t\t<div class=\"elementor-widget-container\">\n\t\t\t<style>\/*! elementor - v3.10.0 - 09-01-2023 *\/\n.elementor-heading-title{padding:0;margin:0;line-height:1}.elementor-widget-heading .elementor-heading-title[class*=elementor-size-]>a{color:inherit;font-size:inherit;line-height:inherit}.elementor-widget-heading .elementor-heading-title.elementor-size-small{font-size:15px}.elementor-widget-heading .elementor-heading-title.elementor-size-medium{font-size:19px}.elementor-widget-heading .elementor-heading-title.elementor-size-large{font-size:29px}.elementor-widget-heading .elementor-heading-title.elementor-size-xl{font-size:39px}.elementor-widget-heading .elementor-heading-title.elementor-size-xxl{font-size:59px}<\/style><h2 class=\"elementor-heading-title elementor-size-default\">POL\u00cdTICA DE PRIVADESA\n<\/h2>\t\t<\/div>\n\t\t\t\t<\/div>\n\t\t\t\t<div class=\"elementor-element elementor-element-fc9ece1 elementor-widget elementor-widget-heading\" data-id=\"fc9ece1\" data-element_type=\"widget\" data-widget_type=\"heading.default\">\n\t\t\t\t<div class=\"elementor-widget-container\">\n\t\t\t<h2 class=\"elementor-heading-title elementor-size-default\">PROTECCI\u00d3 DE DADES<\/h2>\t\t<\/div>\n\t\t\t\t<\/div>\n\t\t\t\t<div class=\"elementor-element elementor-element-fc4e2c6 elementor-widget elementor-widget-text-editor\" data-id=\"fc4e2c6\" data-element_type=\"widget\" data-widget_type=\"text-editor.default\">\n\t\t\t\t<div class=\"elementor-widget-container\">\n\t\t\t<style>\/*! elementor - v3.10.0 - 09-01-2023 *\/\n.elementor-widget-text-editor.elementor-drop-cap-view-stacked .elementor-drop-cap{background-color:#818a91;color:#fff}.elementor-widget-text-editor.elementor-drop-cap-view-framed .elementor-drop-cap{color:#818a91;border:3px solid;background-color:transparent}.elementor-widget-text-editor:not(.elementor-drop-cap-view-default) .elementor-drop-cap{margin-top:8px}.elementor-widget-text-editor:not(.elementor-drop-cap-view-default) .elementor-drop-cap-letter{width:1em;height:1em}.elementor-widget-text-editor .elementor-drop-cap{float:left;text-align:center;line-height:1;font-size:50px}.elementor-widget-text-editor .elementor-drop-cap-letter{display:inline-block}<\/style>\t\t\t\t<p><span style=\"font-weight: 400;\">La informaci\u00f3 personal que ens faciliti a trav\u00e9s dels diferents formularis, els correus electr\u00f2nics o qualsevol altre mitj\u00e0 que es presenti en aquest lloc web, passar\u00e0 a ser introdu\u00efda en un fitxer automatitzat sota la responsabilitat d\u2019ARTImetria i es mantindr\u00e0 confidencial i protegida . En cap cas es destinar\u00e0 o utilitzar\u00e0 per a altres fins, no es lliurar\u00e0 a terceres persones sense el seu consentiment, d\u2019acord amb els principis de protecci\u00f3 de dades de la llei espanyola LOPD (Llei Org\u00e0nica 15\/1999, de 13 de desembre, de protecci\u00f3 de dades de car\u00e0cter personal i el RD 1720\/2007, de 21 desembre, del Reglament de Desenvolupament).<\/span><\/p><p>Aix\u00ed mateix, i en compliment del Reglament General de Protecci\u00f3 de Dades RGPD 2016\/679 UE, de 27 d\u2019abril de 2016, l\u2019informem que les seves dades personals formen part dels nostres fitxers automatitzats i no automatitzats de Clients, amb la finalitat de: respondre a la petici\u00f3 d\u2019informaci\u00f3 sol\u00b7licitada per vost\u00e8 via nostres formularis de contacte web, prestar el servei contractat, oferir serveis relacionats amb els sol\u00b7licitats, enviar-li informaci\u00f3 de promocions, subscriure\u2019t a la nostra newsletter, comunicar via correu electr\u00f2nic, fidelitzar-te com a client i realitzar els tr\u00e0mits administratius i comptables relacionats amb el seu servei amb nosaltres. Per complir amb les diferents disposicions legals, hem establert diferents nivells de seguretat per protegir les dades personals que ens facilitin, havent adoptat totes les mesures t\u00e8cniques al nostre abast per evitar la p\u00e8rdua, mal \u00fas, alteraci\u00f3, acc\u00e9s no autoritzat i manipulaci\u00f3 d\u2019aquestes dades personals.<br \/><br \/>T\u00e9 sempre dret a exercir el seu dret d\u2019acc\u00e9s, rectificaci\u00f3, oposici\u00f3 o cancel\u00b7laci\u00f3 de les dades personals que ens hagi proporcionat. Si aix\u00ed ho desitja, pot posar-se en contacte amb nosaltres, indicant el dret que desitja exercir juntament amb una c\u00f2pia del seu Document d\u2019Identitat a: <a style=\"background-color: #ffffff;\" href=\"mailto:artimetria@artimetria.com\">artimetria@artimetria.com<\/a>.<\/p><p><span style=\"font-weight: 400;\">Mentre no ens comuniqui el contrari, entendrem que les seves dades no han estat modificades, que vost\u00e8 es compromet a notificar-nos qualsevol variaci\u00f3 i que tenim el consentiment per a utilitzar-los per poder fidelitzar la relaci\u00f3 entre les parts.<\/span><\/p>\t\t\t\t\t\t<\/div>\n\t\t\t\t<\/div>\n\t\t\t\t<div class=\"elementor-element elementor-element-83233f0 elementor-widget elementor-widget-heading\" data-id=\"83233f0\" data-element_type=\"widget\" data-widget_type=\"heading.default\">\n\t\t\t\t<div class=\"elementor-widget-container\">\n\t\t\t<h2 class=\"elementor-heading-title elementor-size-default\">COM EXERCIR ELS TEUS DRETS<\/h2>\t\t<\/div>\n\t\t\t\t<\/div>\n\t\t\t\t<div class=\"elementor-element elementor-element-cca4136 elementor-widget elementor-widget-text-editor\" data-id=\"cca4136\" data-element_type=\"widget\" data-widget_type=\"text-editor.default\">\n\t\t\t\t<div class=\"elementor-widget-container\">\n\t\t\t\t\t\t\t<p>Pot dirigir una comunicaci\u00f3 per escrit al domicili social d\u2019ARTImetria o l\u2019adre\u00e7a de correu electr\u00f2nic indicada al principi de l\u2019Av\u00eds Legal, incloent en ambd\u00f3s casos una fotoc\u00f2pia del seu DNI o un altre document identificatiu similar, per sol\u00b7licitar l\u2019exercici dels drets seg\u00fcents:<br \/>\u2013 Dret a sol\u00b7licitar l\u2019acc\u00e9s a les dades personals: Es pot preguntar a ARTImetria si est\u00e0 tractant les seves dades.<br \/>\u2013 Dret a sol\u00b7licitar la seva rectificaci\u00f3 (en cas que siguin incorrectes).<br \/>\u2013 Dret a sol\u00b7licitar la limitaci\u00f3 del seu tractament, en aquest cas nom\u00e9s seran conservats perARTImetria en l\u2019exercici o defensa de reclamacions.<br \/>\u2013 Dret a oposar-se al tractament: ARTImetria deixar\u00e0 de tractar les seves dades de la forma que indiqui, llevat que per motius leg\u00edtims imperiosos o l\u2019exercici o la defensa de possibles reclamacions, calgui seguir tractant.<br \/>\u2013 Dret a la portabilitat de les dades: En el cas que vulgui que les seves dades siguin tractades per una altra firma, ARTImetria li facilitar\u00e0 la portabilitat de les dades al nou responsable.<br \/>\u2013 Dret a l\u2019eliminaci\u00f3 de les dades: Tindr\u00e0 dret a demanar que s\u2019eliminin completament les dades tret que per imperatius legals s\u2019esborrin despr\u00e9s de la seva confirmaci\u00f3. Podeu trobar m\u00e9s informaci\u00f3 sobre models, formularis i m\u00e9s informaci\u00f3 sobre els seus drets visiti p\u00e0gina oficial de la Ag\u00e8ncia Espanyola de Protecci\u00f3 de Dades.<br \/>\u2013 Possibilitat de retirar el consentiment: en el cas que hi hagi atorgat el consentiment per a alguna finalitat espec\u00edfica, t\u00e9 dret a retirar-lo en qualsevol moment, sense que aix\u00f2 afecti la licitud del tractament basat en el consentiment previ a la seva retirada.<br \/>\u2013 Com reclamar davant l\u2019Autoritat de Control. Si considera que hi ha un problema amb la forma en qu\u00e8 ARTImetria est\u00e0 tractant les seves dades, pot dirigir les seves reclamacions al responsable de seguretat de www.artimetria.com (indicat a dalt) o l\u2019autoritat de protecci\u00f3 de dades que correspongui, sent el Ag\u00e8ncia Espanyola de Protecci\u00f3 de Dades, la indicada en el cas d\u2019Espanya.<br \/>\u2013 Dret a l\u2019oblit i acc\u00e9s a les seves dades personals. En tot moment tindr\u00e0 dret a revisar, recuperar, anonimitzar i \/ o esborrar, totalment o parcialment, les dades emmagatzemades en el lloc web. Nom\u00e9s ha d\u2019enviar un correu electr\u00f2nic a artimetria@artimetria.com i sol\u00b7licitar-ho.<\/p>\t\t\t\t\t\t<\/div>\n\t\t\t\t<\/div>\n\t\t\t\t<div class=\"elementor-element elementor-element-f353cf7 elementor-widget elementor-widget-heading\" data-id=\"f353cf7\" data-element_type=\"widget\" data-widget_type=\"heading.default\">\n\t\t\t\t<div class=\"elementor-widget-container\">\n\t\t\t<h2 class=\"elementor-heading-title elementor-size-default\">QUINA INFORMACI\u00d3 RECOLLIM DELS USUARIS I PER QU\u00c8 LA FEM SERVIR?<\/h2>\t\t<\/div>\n\t\t\t\t<\/div>\n\t\t\t\t<div class=\"elementor-element elementor-element-bdd9b70 elementor-widget elementor-widget-text-editor\" data-id=\"bdd9b70\" data-element_type=\"widget\" data-widget_type=\"text-editor.default\">\n\t\t\t\t<div class=\"elementor-widget-container\">\n\t\t\t\t\t\t\t<p>Tots els productes i serveis oferts en el lloc web www.artimetria.com remeten a formularis de contacte.<br \/>\u2013 Aquest lloc web sempre requereix el consentiment previ dels usuaris per tractar les seves dades personals amb les finalitats indicades.<br \/>\u2013 T\u00e9 dret a revocar el seu consentiment previ en qualsevol moment.<\/p>\t\t\t\t\t\t<\/div>\n\t\t\t\t<\/div>\n\t\t\t\t<div class=\"elementor-element elementor-element-5a985c2 elementor-widget elementor-widget-heading\" data-id=\"5a985c2\" data-element_type=\"widget\" data-widget_type=\"heading.default\">\n\t\t\t\t<div class=\"elementor-widget-container\">\n\t\t\t<h2 class=\"elementor-heading-title elementor-size-default\">XARXES SOCIALS\n<\/h2>\t\t<\/div>\n\t\t\t\t<\/div>\n\t\t\t\t<div class=\"elementor-element elementor-element-dbf1427 elementor-widget elementor-widget-text-editor\" data-id=\"dbf1427\" data-element_type=\"widget\" data-widget_type=\"text-editor.default\">\n\t\t\t\t<div class=\"elementor-widget-container\">\n\t\t\t\t\t\t\t<p><span style=\"font-weight: 400;\">Pres\u00e8ncia en xarxes: www.artimetria.com compta amb perfils en algunes de les principals xarxes socials d\u2019Internet.<br \/><\/span>&#8211; Finalitat i legitimaci\u00f3: El tractament que www.artimetria.com dur\u00e0 a terme amb les dades dins de cadascuna de les referides xarxes ser\u00e0, com a m\u00e0xim, el que la xarxa social permeti als perfils corporatius. Aix\u00ed doncs, www.artimetria.com podr\u00e0 informar, quan la llei no ho prohibeixi, als seus seguidors per qualsevol via que la xarxa social permeti sobre les seves activitats, pon\u00e8ncies, ofertes i prestar servei personalitzat d\u2019atenci\u00f3 al client.<br \/>&#8211; Extracci\u00f3 de dades: En cap cas www.artimetria.com, extraur\u00e0 dades de les xarxes socials, llevat que s\u2019obtingu\u00e9s puntualment i expressament consentiment.<br \/>&#8211; Drets: Quan, a causa de la pr\u00f2pia naturalesa de les xarxes socials, l\u2019exercici efectiu dels drets de protecci\u00f3 de dades del seguidor quedi supeditat a la modificaci\u00f3 del perfil personal d\u2019aquest, www.artimetria.com l\u2019ajudar\u00e0 i aconsellar\u00e0 en la mesura de les seves possibilitats.<\/p>\t\t\t\t\t\t<\/div>\n\t\t\t\t<\/div>\n\t\t\t\t<div class=\"elementor-element elementor-element-43d89b8 elementor-widget elementor-widget-heading\" data-id=\"43d89b8\" data-element_type=\"widget\" data-widget_type=\"heading.default\">\n\t\t\t\t<div class=\"elementor-widget-container\">\n\t\t\t<h2 class=\"elementor-heading-title elementor-size-default\">LLEI APLICABLE I JURISDICCI\u00d3<\/h2>\t\t<\/div>\n\t\t\t\t<\/div>\n\t\t\t\t<div class=\"elementor-element elementor-element-013f673 elementor-widget elementor-widget-text-editor\" data-id=\"013f673\" data-element_type=\"widget\" data-widget_type=\"text-editor.default\">\n\t\t\t\t<div class=\"elementor-widget-container\">\n\t\t\t\t\t\t\t<p>Amb car\u00e0cter general les relacions entre www.artimetria.com&nbsp;amb els usuaris dels seus serveis telem\u00e0tics, presents en aquest lloc web, es troben sotmeses a la legislaci\u00f3 i jurisdicci\u00f3 espanyoles.<\/p>\t\t\t\t\t\t<\/div>\n\t\t\t\t<\/div>\n\t\t\t\t\t<\/div>\n\t\t<\/div>\n\t\t\t\t\t\t\t<\/div>\n\t\t<\/section>\n\t\t\t\t\t\t\t<\/div>\n\t\t","protected":false},"excerpt":{"rendered":"<p>Tornar al web POL\u00cdTICA DE PRIVADESA PROTECCI\u00d3 DE DADES La informaci\u00f3 personal que ens faciliti a trav\u00e9s dels diferents formularis, els correus electr\u00f2nics o qualsevol altre mitj\u00e0 que es presenti en aquest lloc web, passar\u00e0 a ser introdu\u00efda en un fitxer automatitzat sota la responsabilitat d\u2019ARTImetria i es mantindr\u00e0 confidencial i protegida . En cap [&hellip;]<\/p>\n","protected":false},"author":2,"featured_media":0,"parent":0,"menu_order":0,"comment_status":"closed","ping_status":"closed","template":"elementor_header_footer","meta":{"inline_featured_image":false,"footnotes":""},"class_list":["post-434","page","type-page","status-publish","hentry"],"_links":{"self":[{"href":"https:\/\/www.artimetria.com\/index.php\/wp-json\/wp\/v2\/pages\/434","targetHints":{"allow":["GET"]}}],"collection":[{"href":"https:\/\/www.artimetria.com\/index.php\/wp-json\/wp\/v2\/pages"}],"about":[{"href":"https:\/\/www.artimetria.com\/index.php\/wp-json\/wp\/v2\/types\/page"}],"author":[{"embeddable":true,"href":"https:\/\/www.artimetria.com\/index.php\/wp-json\/wp\/v2\/users\/2"}],"replies":[{"embeddable":true,"href":"https:\/\/www.artimetria.com\/index.php\/wp-json\/wp\/v2\/comments?post=434"}],"version-history":[{"count":43,"href":"https:\/\/www.artimetria.com\/index.php\/wp-json\/wp\/v2\/pages\/434\/revisions"}],"predecessor-version":[{"id":1280,"href":"https:\/\/www.artimetria.com\/index.php\/wp-json\/wp\/v2\/pages\/434\/revisions\/1280"}],"wp:attachment":[{"href":"https:\/\/www.artimetria.com\/index.php\/wp-json\/wp\/v2\/media?parent=434"}],"curies":[{"name":"wp","href":"https:\/\/api.w.org\/{rel}","templated":true}]}}